{"id":1397,"date":"2026-01-15T13:01:22","date_gmt":"2026-01-15T12:01:22","guid":{"rendered":"https:\/\/websites.fraunhofer.de\/referenzfabrik-web\/?page_id=1397"},"modified":"2026-01-15T13:03:16","modified_gmt":"2026-01-15T12:03:16","slug":"impressum","status":"publish","type":"page","link":"https:\/\/referenzfabrik.de\/en\/impressum\/","title":{"rendered":"Imprint"},"content":{"rendered":"<div data-elementor-type=\"wp-page\" data-elementor-id=\"1397\" class=\"elementor elementor-1397\" data-elementor-post-type=\"page\">\n\t\t\t\t<div class=\"elementor-element elementor-element-4ddb0f3 e-flex e-con-boxed e-con e-parent\" data-id=\"4ddb0f3\" data-element_type=\"container\" data-e-type=\"container\">\n\t\t\t\t\t<div class=\"e-con-inner\">\n\t\t\t\t<div class=\"elementor-element elementor-element-392e49e elementor-widget elementor-widget-heading\" data-id=\"392e49e\" data-element_type=\"widget\" data-e-type=\"widget\" data-widget_type=\"heading.default\">\n\t\t\t\t\t<h2 class=\"elementor-heading-title elementor-size-default\">Imprint<\/h2>\t\t\t\t<\/div>\n\t\t\t\t<div class=\"elementor-element elementor-element-92f489f elementor-widget elementor-widget-text-editor\" data-id=\"92f489f\" data-element_type=\"widget\" data-e-type=\"widget\" data-widget_type=\"text-editor.default\">\n\t\t\t\t\t\t\t\t\t<p>Das Fraunhofer-Institut f\u00fcr Werkzeugmaschinen<br \/>und Umformtechnik IWU<br \/>Reichenhainer Stra\u00dfe 88<br \/>09126 Chemnitz, Germany<br \/>www.iwu.fraunhofer.de<br \/>info(at)iwu.fraunhofer.de<br \/>Telefon +49 371 5397 0<\/p><p>ist eine rechtlich nicht selbstst\u00e4ndige Einrichtung der<\/p><p>Fraunhofer-Gesellschaft<br \/>zur F\u00f6rderung der angewandten Forschung e.V.<br \/>Hansastra\u00dfe 27 c<br \/>80686 M\u00fcnchen<br \/>Internet: www.fraunhofer.de<br \/>E-Mail: info(at)zv.fraunhofer.de<\/p><p><br \/><strong>Verantwortliche Redakteurin<\/strong><br \/>Dr. Ulrike Beyer<br \/>Fraunhofer Institute for Machine Tools and Forming Technology IWU<br \/>Head of Referenzfabrik.H2<br \/>Reichenhainer Stra\u00dfe 88, 09126 Chemnitz, Germany<br \/>Telefon +49 371 5397-1311<br \/>\u00a0<br \/>Umsatzsteuer-Identifikationsnummer gem\u00e4\u00df \u00a7 27 a<br \/>Umsatzsteuergesetz: DE 129515865<\/p><p><strong>Registergericht<\/strong><br \/>Amtsgericht M\u00fcnchen<br \/>Eingetragener Verein<br \/>Register-Nr. VR 4461<\/p><p><strong>Vorstand<br \/><\/strong><strong>Prof. Dr.-Ing. Holger Hanselka<br \/><\/strong>Pr\u00e4sident<strong>\u00a0<\/strong>| Vorstandsressort Unternehmensstrategie und -kommunikation<strong><br \/>Prof. Dr. Constantin H\u00e4fner<br \/><\/strong>Vorstandsressort VA Forschung und Transfer<strong><br \/>Prof. Dr. Axel M\u00fcller-Groeling<br \/><\/strong>Vorstandsressort VB Forschungsinfrastrukturen und Digitalisierung<br \/><strong>Elisabeth Ewen<br \/><\/strong>Vorstandsressort VC Personal,<strong>\u00a0<\/strong>Unternehmenskultur<strong>\u00a0<\/strong>und Recht<br \/><strong>Dr. Sandra Krey<\/strong><br \/>Vorstandsressort VD Finanzen und Controlling<\/p><p>Nutzungsrechte<br \/>\u00a9 Fraunhofer-Gesellschaft e.V., M\u00fcnchen<\/p><p>Alle Rechte vorbehalten.<br \/>Die Urheberrechte dieser Webseite liegen vollst\u00e4ndig bei der Fraunhofer-Gesellschaft.<\/p><p>Ein Download oder Ausdruck dieser Ver\u00f6ffentlichungen ist ausschlie\u00dflich f\u00fcr den pers\u00f6nlichen Gebrauch gestattet. Alle dar\u00fcber hinaus gehenden Verwendungen, insbesondere die kommerzielle Nutzung und Verbreitung, sind grunds\u00e4tzlich nicht gestattet und bed\u00fcrfen der schriftlichen Genehmigung.<\/p><p>Ein Download oder Ausdruck ist dar\u00fcber hinaus lediglich zum Zweck der Berichterstattung \u00fcber die Fraunhofer-Gesellschaft und ihrer Institute nach Ma\u00dfgabe untenstehender Nutzungsbedingungen gestattet:<\/p><p>Grafische Ver\u00e4nderungen an Bildmotiven &#8211; au\u00dfer zum Freistellen des Hauptmotivs &#8211; sind nicht gestattet. Es ist stets die Quellenangabe und \u00dcbersendung von zwei kostenlosen Belegexemplaren an die oben genannte Adresse erforderlich. Die Verwendung ist honorarfrei.<\/p><p>Haftungshinweis<\/p><p>Wir \u00fcbernehmen keine Haftung f\u00fcr die Inhalte externer Links. F\u00fcr den Inhalt der verlinkten Seiten sind ausschlie\u00dflich deren Betreiber verantwortlich.<\/p><p>Wir sind bem\u00fcht, das Webangebot stets aktuell und inhaltlich richtig sowie vollst\u00e4ndig anzubieten. Dennoch ist das Auftreten von Fehlern nicht v\u00f6llig auszuschlie\u00dfen. Das Fraunhofer-Institut bzw. die Fraunhofer-Gesellschaft \u00fcbernimmt keine Haftung f\u00fcr die Aktualit\u00e4t, die inhaltliche Richtigkeit sowie f\u00fcr die Vollst\u00e4ndigkeit der in ihrem Webangebot eingestellten Informationen. Dies bezieht sich auf eventuelle Sch\u00e4den materieller oder ideeller Art Dritter, die durch die Nutzung dieses Webangebotes verursacht wurden.<\/p><p>Gesch\u00fctzte Marken und Namen, Bilder und Texte werden auf unseren Seiten in der Regel nicht als solche kenntlich gemacht. Das Fehlen einer solchen Kennzeichnung bedeutet jedoch nicht, dass es sich um einen freien Namen, ein freies Bild oder einen freien Text im Sinne des Markenzeichenrechts handelt.<\/p>\t\t\t\t\t\t\t\t<\/div>\n\t\t\t\t\t<\/div>\n\t\t\t\t<\/div>\n\t\t\t\t<\/div>","protected":false},"excerpt":{"rendered":"<p>Impressum Das Fraunhofer-Institut f\u00fcr Werkzeugmaschinenund Umformtechnik IWUReichenhainer Stra\u00dfe 8809126 Chemnitz, Germanywww.iwu.fraunhofer.deinfo(at)iwu.fraunhofer.deTelefon +49 371 5397 0 ist eine rechtlich nicht selbstst\u00e4ndige Einrichtung der Fraunhofer-Gesellschaftzur F\u00f6rderung der angewandten Forschung e.V.Hansastra\u00dfe 27 c80686 M\u00fcnchenInternet: www.fraunhofer.deE-Mail: info(at)zv.fraunhofer.de Verantwortliche RedakteurinDr. Ulrike BeyerFraunhofer-Institut f\u00fcr Werkzeugmaschinen und Umformtechnik IWULeiterin Referenzfabrik.H2Reichenhainer Stra\u00dfe 88, 09126 Chemnitz, GermanyTelefon +49 371 5397-1311\u00a0Umsatzsteuer-Identifikationsnummer gem\u00e4\u00df \u00a7 27 aUmsatzsteuergesetz: [&hellip;]<\/p>\n","protected":false},"author":1,"featured_media":0,"parent":0,"menu_order":1,"comment_status":"closed","ping_status":"closed","template":"elementor_header_footer","meta":{"_acf_changed":false,"footnotes":""},"class_list":["post-1397","page","type-page","status-publish","hentry"],"acf":[],"_links":{"self":[{"href":"https:\/\/referenzfabrik.de\/en\/wp-json\/wp\/v2\/pages\/1397","targetHints":{"allow":["GET"]}}],"collection":[{"href":"https:\/\/referenzfabrik.de\/en\/wp-json\/wp\/v2\/pages"}],"about":[{"href":"https:\/\/referenzfabrik.de\/en\/wp-json\/wp\/v2\/types\/page"}],"author":[{"embeddable":true,"href":"https:\/\/referenzfabrik.de\/en\/wp-json\/wp\/v2\/users\/1"}],"replies":[{"embeddable":true,"href":"https:\/\/referenzfabrik.de\/en\/wp-json\/wp\/v2\/comments?post=1397"}],"version-history":[{"count":4,"href":"https:\/\/referenzfabrik.de\/en\/wp-json\/wp\/v2\/pages\/1397\/revisions"}],"predecessor-version":[{"id":1401,"href":"https:\/\/referenzfabrik.de\/en\/wp-json\/wp\/v2\/pages\/1397\/revisions\/1401"}],"wp:attachment":[{"href":"https:\/\/referenzfabrik.de\/en\/wp-json\/wp\/v2\/media?parent=1397"}],"curies":[{"name":"wp","href":"https:\/\/api.w.org\/{rel}","templated":true}]}}